{"id":855,"date":"2024-07-17T06:52:20","date_gmt":"2024-07-17T06:52:20","guid":{"rendered":"https:\/\/hotel-capris.click.si\/?page_id=855"},"modified":"2024-11-13T10:26:03","modified_gmt":"2024-11-13T10:26:03","slug":"c_explore","status":"publish","type":"page","link":"https:\/\/hotel-capris.com\/de\/c_explore\/","title":{"rendered":"C_explore"},"content":{"rendered":"<div data-elementor-type=\"wp-page\" data-elementor-id=\"855\" class=\"elementor elementor-855\" data-elementor-post-type=\"page\">\n\t\t\t\t<div class=\"elementor-element elementor-element-86cc53c e-flex e-con-boxed e-con e-parent\" data-id=\"86cc53c\" data-element_type=\"container\" data-e-type=\"container\">\n\t\t\t\t\t<div class=\"e-con-inner\">\n\t\t\t\t<div class=\"elementor-element elementor-element-e43788d elementor-widget__width-initial elementor-widget elementor-widget-heading\" data-id=\"e43788d\" data-element_type=\"widget\" data-e-type=\"widget\" data-widget_type=\"heading.default\">\n\t\t\t\t<div class=\"elementor-widget-container\">\n\t\t\t\t\t<h2 class=\"elementor-heading-title elementor-size-default\">C_ENTDECKEN, ENTSPANNEN, GENIESSEN<\/h2>\t\t\t\t<\/div>\n\t\t\t\t<\/div>\n\t\t<div class=\"elementor-element elementor-element-3cf75de e-con-full e-flex e-con e-child\" data-id=\"3cf75de\" data-element_type=\"container\" data-e-type=\"container\">\n\t\t<div class=\"elementor-element elementor-element-0c62326 e-grid e-con-full e-con e-child\" data-id=\"0c62326\" data-element_type=\"container\" data-e-type=\"container\">\n\t\t<div class=\"elementor-element elementor-element-e6b1e12 e-con-full e-flex e-con e-child\" data-id=\"e6b1e12\" data-element_type=\"container\" data-e-type=\"container\" data-settings=\"{&quot;background_background&quot;:&quot;classic&quot;}\">\n\t\t<div class=\"elementor-element elementor-element-7e1f1e0 e-con-full e-flex e-con e-child\" data-id=\"7e1f1e0\" data-element_type=\"container\" data-e-type=\"container\" data-settings=\"{&quot;position&quot;:&quot;absolute&quot;}\">\n\t\t\t\t<div class=\"elementor-element elementor-element-174d80f elementor-widget elementor-widget-heading\" data-id=\"174d80f\" data-element_type=\"widget\" data-e-type=\"widget\" data-widget_type=\"heading.default\">\n\t\t\t\t<div class=\"elementor-widget-container\">\n\t\t\t\t\t<h4 class=\"elementor-heading-title elementor-size-default\">Koper 1500<\/h4>\t\t\t\t<\/div>\n\t\t\t\t<\/div>\n\t\t\t\t<div class=\"elementor-element elementor-element-3c7aac3 elementor-widget__width-auto plusButton elementor-widget elementor-widget-softlite_image\" data-id=\"3c7aac3\" data-element_type=\"widget\" data-e-type=\"widget\" id=\"koper-1500\" data-widget_type=\"softlite_image.default\">\n\t\t\t\t<div class=\"elementor-widget-container\">\n\t\t\t\t\t\t\t\t\t\t<div class=\"elementor-image\">\n\t\t\t\t\t\t\t\t\t\t\t\t\t<a href=\"#elementor-action%3Aaction%3Doff_canvas%3Atoggle%26settings%3DeyJpZCI6IjE1OWQ4YjgiLCJkaXNwbGF5TW9kZSI6InRvZ2dsZSJ9\">\n\t\t\t\t\t\t\t\t\t\t\t\t<img decoding=\"async\" width=\"100\" height=\"100\" src=\"https:\/\/hotel-capris.com\/wp-content\/uploads\/2024\/07\/plusGold.svg\" class=\"attachment-full size-full wp-image-82\" alt=\"\" \/>\t\t\t\t\t\t\t\t\t\t\t\t<\/a>\n\t\t\t\t\t\t\t\t\t\t\t\t\t\t<\/div>\n\t\t\t\t\t\t\t\t<\/div>\n\t\t\t\t<\/div>\n\t\t\t\t<div class=\"elementor-element elementor-element-7088ba8 elementor-widget__width-auto mailButton elementor-widget elementor-widget-softlite_image\" data-id=\"7088ba8\" data-element_type=\"widget\" data-e-type=\"widget\" data-widget_type=\"softlite_image.default\">\n\t\t\t\t<div class=\"elementor-widget-container\">\n\t\t\t\t\t\t\t\t\t\t<div class=\"elementor-image\">\n\t\t\t\t\t\t\t\t\t\t\t\t\t<a href=\"#elementor-action%3Aaction%3Dpopup%3Aopen%26settings%3DeyJpZCI6IjEyODQiLCJ0b2dnbGUiOmZhbHNlfQ%3D%3D\">\n\t\t\t\t\t\t\t\t\t\t\t\t<img decoding=\"async\" width=\"100\" height=\"100\" src=\"https:\/\/hotel-capris.com\/wp-content\/uploads\/2024\/07\/mailGold.svg\" class=\"attachment-full size-full wp-image-72\" alt=\"\" \/>\t\t\t\t\t\t\t\t\t\t\t\t<\/a>\n\t\t\t\t\t\t\t\t\t\t\t\t\t\t<\/div>\n\t\t\t\t\t\t\t\t<\/div>\n\t\t\t\t<\/div>\n\t\t\t\t<\/div>\n\t\t\t\t<div class=\"elementor-element elementor-element-159d8b8 elementor-widget elementor-widget-off-canvas\" data-id=\"159d8b8\" data-element_type=\"widget\" data-e-type=\"widget\" data-settings=\"{&quot;entrance_animation&quot;:&quot;fadeIn&quot;,&quot;exit_animation&quot;:&quot;fadeIn&quot;,&quot;is_not_close_on_overlay&quot;:&quot;yes&quot;}\" data-widget_type=\"off-canvas.default\">\n\t\t\t\t<div class=\"elementor-widget-container\">\n\t\t\t\t\t\t\t<div id=\"off-canvas-159d8b8\" class=\"e-off-canvas\" role=\"dialog\" aria-hidden=\"true\" aria-label=\"Off-Canvas\" aria-modal=\"true\" inert=\"\" data-delay-child-handlers=\"true\">\n\t\t\t<div class=\"e-off-canvas__overlay\"><\/div>\n\t\t\t<div class=\"e-off-canvas__main\">\n\t\t\t\t<div class=\"e-off-canvas__content\">\n\t\t\t\t\t<div class=\"elementor-element elementor-element-69f20ea e-con-full off-canvas-container e-flex e-con e-child\" data-id=\"69f20ea\" data-element_type=\"container\" data-e-type=\"container\">\n\t\t\t\t<div class=\"elementor-element elementor-element-a8cc27a elementor-widget elementor-widget-text-editor\" data-id=\"a8cc27a\" data-element_type=\"widget\" data-e-type=\"widget\" data-widget_type=\"text-editor.default\">\n\t\t\t\t<div class=\"elementor-widget-container\">\n\t\t\t\t\t\t\t\t\t<p>Erleben Sie den Zauber von Koper zum 1500. Jahrestag der Ankunft des Heiligen Nazarius! Malerische Stra\u00dfen mit reicher Geschichte und Architektur; die Kathedrale mit dem Altarbild Carpaccio, dem Sarkophag des ersten Bischofs von Koper und der gr\u00f6\u00dften Orgel Sloweniens.<\/p>\t\t\t\t\t\t\t\t<\/div>\n\t\t\t\t<\/div>\n\t\t\t\t<\/div>\n\t\t\t\t\t\t<\/div>\n\t\t\t<\/div>\n\t\t<\/div>\n\t\t\t\t\t\t<\/div>\n\t\t\t\t<\/div>\n\t\t\t\t<\/div>\n\t\t<div class=\"elementor-element elementor-element-3e3c525 e-con-full e-flex e-con e-child\" data-id=\"3e3c525\" data-element_type=\"container\" data-e-type=\"container\" data-settings=\"{&quot;background_background&quot;:&quot;classic&quot;}\">\n\t\t<div class=\"elementor-element elementor-element-717e8d7 e-con-full e-flex e-con e-child\" data-id=\"717e8d7\" data-element_type=\"container\" data-e-type=\"container\" data-settings=\"{&quot;position&quot;:&quot;absolute&quot;}\">\n\t\t\t\t<div class=\"elementor-element elementor-element-2bf64c6 elementor-widget elementor-widget-heading\" data-id=\"2bf64c6\" data-element_type=\"widget\" data-e-type=\"widget\" data-widget_type=\"heading.default\">\n\t\t\t\t<div class=\"elementor-widget-container\">\n\t\t\t\t\t<h4 class=\"elementor-heading-title elementor-size-default\">St. Nazarius-Tour<\/h4>\t\t\t\t<\/div>\n\t\t\t\t<\/div>\n\t\t\t\t<div class=\"elementor-element elementor-element-e48b630 elementor-widget__width-auto plusButton elementor-widget elementor-widget-softlite_image\" data-id=\"e48b630\" data-element_type=\"widget\" data-e-type=\"widget\" id=\"st-nazarius\" data-widget_type=\"softlite_image.default\">\n\t\t\t\t<div class=\"elementor-widget-container\">\n\t\t\t\t\t\t\t\t\t\t<div class=\"elementor-image\">\n\t\t\t\t\t\t\t\t\t\t\t\t\t<a href=\"#elementor-action%3Aaction%3Doff_canvas%3Atoggle%26settings%3DeyJpZCI6ImMxZjBjMGMiLCJkaXNwbGF5TW9kZSI6InRvZ2dsZSJ9\">\n\t\t\t\t\t\t\t\t\t\t\t\t<img decoding=\"async\" width=\"100\" height=\"100\" src=\"https:\/\/hotel-capris.com\/wp-content\/uploads\/2024\/07\/plusGold.svg\" class=\"attachment-full size-full wp-image-82\" alt=\"\" \/>\t\t\t\t\t\t\t\t\t\t\t\t<\/a>\n\t\t\t\t\t\t\t\t\t\t\t\t\t\t<\/div>\n\t\t\t\t\t\t\t\t<\/div>\n\t\t\t\t<\/div>\n\t\t\t\t<div class=\"elementor-element elementor-element-39606fc elementor-widget__width-auto mailButton elementor-widget elementor-widget-softlite_image\" data-id=\"39606fc\" data-element_type=\"widget\" data-e-type=\"widget\" data-widget_type=\"softlite_image.default\">\n\t\t\t\t<div class=\"elementor-widget-container\">\n\t\t\t\t\t\t\t\t\t\t<div class=\"elementor-image\">\n\t\t\t\t\t\t\t\t\t\t\t\t\t<a href=\"#elementor-action%3Aaction%3Dpopup%3Aopen%26settings%3DeyJpZCI6IjEyODQiLCJ0b2dnbGUiOmZhbHNlfQ%3D%3D\">\n\t\t\t\t\t\t\t\t\t\t\t\t<img decoding=\"async\" width=\"100\" height=\"100\" src=\"https:\/\/hotel-capris.com\/wp-content\/uploads\/2024\/07\/mailGold.svg\" class=\"attachment-full size-full wp-image-72\" alt=\"\" \/>\t\t\t\t\t\t\t\t\t\t\t\t<\/a>\n\t\t\t\t\t\t\t\t\t\t\t\t\t\t<\/div>\n\t\t\t\t\t\t\t\t<\/div>\n\t\t\t\t<\/div>\n\t\t\t\t<\/div>\n\t\t\t\t<div class=\"elementor-element elementor-element-c1f0c0c elementor-widget elementor-widget-off-canvas\" data-id=\"c1f0c0c\" data-element_type=\"widget\" data-e-type=\"widget\" data-settings=\"{&quot;entrance_animation&quot;:&quot;fadeIn&quot;,&quot;exit_animation&quot;:&quot;fadeIn&quot;,&quot;is_not_close_on_overlay&quot;:&quot;yes&quot;}\" data-widget_type=\"off-canvas.default\">\n\t\t\t\t<div class=\"elementor-widget-container\">\n\t\t\t\t\t\t\t<div id=\"off-canvas-c1f0c0c\" class=\"e-off-canvas\" role=\"dialog\" aria-hidden=\"true\" aria-label=\"Off-Canvas\" aria-modal=\"true\" inert=\"\" data-delay-child-handlers=\"true\">\n\t\t\t<div class=\"e-off-canvas__overlay\"><\/div>\n\t\t\t<div class=\"e-off-canvas__main\">\n\t\t\t\t<div class=\"e-off-canvas__content\">\n\t\t\t\t\t<div class=\"elementor-element elementor-element-da1df22 e-con-full off-canvas-container e-flex e-con e-child\" data-id=\"da1df22\" data-element_type=\"container\" data-e-type=\"container\">\n\t\t\t\t<div class=\"elementor-element elementor-element-8a74292 elementor-widget elementor-widget-text-editor\" data-id=\"8a74292\" data-element_type=\"widget\" data-e-type=\"widget\" data-widget_type=\"text-editor.default\">\n\t\t\t\t<div class=\"elementor-widget-container\">\n\t\t\t\t\t\t\t\t\t<p>Erleben Sie das Hinterland von Koper, reich an Weinreben und Oliven: Marezige mit einem Weinbrunnen, Bor\u0161t \u2013 der Geburtsort des Hl. Nazarius und Glem mit der Kirche des Hl. Nazarius aus dem 13. Jahrhundert.<\/p>\t\t\t\t\t\t\t\t<\/div>\n\t\t\t\t<\/div>\n\t\t\t\t<\/div>\n\t\t\t\t\t\t<\/div>\n\t\t\t<\/div>\n\t\t<\/div>\n\t\t\t\t\t\t<\/div>\n\t\t\t\t<\/div>\n\t\t\t\t<\/div>\n\t\t<div class=\"elementor-element elementor-element-ec0af5e e-con-full e-flex e-con e-child\" data-id=\"ec0af5e\" data-element_type=\"container\" data-e-type=\"container\" data-settings=\"{&quot;background_background&quot;:&quot;classic&quot;}\">\n\t\t<div class=\"elementor-element elementor-element-4b97cf6 e-con-full e-flex e-con e-child\" data-id=\"4b97cf6\" data-element_type=\"container\" data-e-type=\"container\" data-settings=\"{&quot;position&quot;:&quot;absolute&quot;}\">\n\t\t\t\t<div class=\"elementor-element elementor-element-353f749 elementor-widget elementor-widget-heading\" data-id=\"353f749\" data-element_type=\"widget\" data-e-type=\"widget\" data-widget_type=\"heading.default\">\n\t\t\t\t<div class=\"elementor-widget-container\">\n\t\t\t\t\t<h4 class=\"elementor-heading-title elementor-size-default\">Koper 1500 + Hl. Nazarius<\/h4>\t\t\t\t<\/div>\n\t\t\t\t<\/div>\n\t\t\t\t<div class=\"elementor-element elementor-element-b91e6e8 elementor-widget__width-auto plusButton elementor-widget elementor-widget-softlite_image\" data-id=\"b91e6e8\" data-element_type=\"widget\" data-e-type=\"widget\" id=\"koper-st-nazarius\" data-widget_type=\"softlite_image.default\">\n\t\t\t\t<div class=\"elementor-widget-container\">\n\t\t\t\t\t\t\t\t\t\t<div class=\"elementor-image\">\n\t\t\t\t\t\t\t\t\t\t\t\t\t<a href=\"#elementor-action%3Aaction%3Doff_canvas%3Atoggle%26settings%3DeyJpZCI6ImFlNjNhN2MiLCJkaXNwbGF5TW9kZSI6InRvZ2dsZSJ9\">\n\t\t\t\t\t\t\t\t\t\t\t\t<img decoding=\"async\" width=\"100\" height=\"100\" src=\"https:\/\/hotel-capris.com\/wp-content\/uploads\/2024\/07\/plusGold.svg\" class=\"attachment-full size-full wp-image-82\" alt=\"\" \/>\t\t\t\t\t\t\t\t\t\t\t\t<\/a>\n\t\t\t\t\t\t\t\t\t\t\t\t\t\t<\/div>\n\t\t\t\t\t\t\t\t<\/div>\n\t\t\t\t<\/div>\n\t\t\t\t<div class=\"elementor-element elementor-element-cca47b8 elementor-widget__width-auto mailButton elementor-widget elementor-widget-softlite_image\" data-id=\"cca47b8\" data-element_type=\"widget\" data-e-type=\"widget\" data-widget_type=\"softlite_image.default\">\n\t\t\t\t<div class=\"elementor-widget-container\">\n\t\t\t\t\t\t\t\t\t\t<div class=\"elementor-image\">\n\t\t\t\t\t\t\t\t\t\t\t\t\t<a href=\"#elementor-action%3Aaction%3Dpopup%3Aopen%26settings%3DeyJpZCI6IjEyODQiLCJ0b2dnbGUiOmZhbHNlfQ%3D%3D\">\n\t\t\t\t\t\t\t\t\t\t\t\t<img decoding=\"async\" width=\"100\" height=\"100\" src=\"https:\/\/hotel-capris.com\/wp-content\/uploads\/2024\/07\/mailGold.svg\" class=\"attachment-full size-full wp-image-72\" alt=\"\" \/>\t\t\t\t\t\t\t\t\t\t\t\t<\/a>\n\t\t\t\t\t\t\t\t\t\t\t\t\t\t<\/div>\n\t\t\t\t\t\t\t\t<\/div>\n\t\t\t\t<\/div>\n\t\t\t\t<\/div>\n\t\t\t\t<div class=\"elementor-element elementor-element-ae63a7c elementor-widget elementor-widget-off-canvas\" data-id=\"ae63a7c\" data-element_type=\"widget\" data-e-type=\"widget\" data-settings=\"{&quot;entrance_animation&quot;:&quot;fadeIn&quot;,&quot;exit_animation&quot;:&quot;fadeIn&quot;,&quot;is_not_close_on_overlay&quot;:&quot;yes&quot;}\" data-widget_type=\"off-canvas.default\">\n\t\t\t\t<div class=\"elementor-widget-container\">\n\t\t\t\t\t\t\t<div id=\"off-canvas-ae63a7c\" class=\"e-off-canvas\" role=\"dialog\" aria-hidden=\"true\" aria-label=\"Off-Canvas\" aria-modal=\"true\" inert=\"\" data-delay-child-handlers=\"true\">\n\t\t\t<div class=\"e-off-canvas__overlay\"><\/div>\n\t\t\t<div class=\"e-off-canvas__main\">\n\t\t\t\t<div class=\"e-off-canvas__content\">\n\t\t\t\t\t<div class=\"elementor-element elementor-element-c4a1835 e-con-full off-canvas-container e-flex e-con e-child\" data-id=\"c4a1835\" data-element_type=\"container\" data-e-type=\"container\">\n\t\t\t\t<div class=\"elementor-element elementor-element-3d716aa elementor-widget elementor-widget-text-editor\" data-id=\"3d716aa\" data-element_type=\"widget\" data-e-type=\"widget\" data-widget_type=\"text-editor.default\">\n\t\t\t\t<div class=\"elementor-widget-container\">\n\t\t\t\t\t\t\t\t\t<p>Erleben Sie den Zauber von Koper zum 1500. Jahrestag der Ankunft des Heiligen Nazarius! Malerische Stra\u00dfen mit reicher Geschichte und Architektur; die Kathedrale mit dem Altarbild Carpaccio, dem Sarkophag des ersten Bischofs von Koper und der gr\u00f6\u00dften Orgel Sloweniens. Das Hinterland von Koper ist reich an Weinreben und Olivenb\u00e4umen: Marezige mit einem Weinbrunnen, Bor\u0161t \u2013 der Geburtsort des Hl. Nazarius und Glem mit der Kirche des Hl. Nazarius aus dem 13. Jahrhundert.<\/p>\t\t\t\t\t\t\t\t<\/div>\n\t\t\t\t<\/div>\n\t\t\t\t<\/div>\n\t\t\t\t\t\t<\/div>\n\t\t\t<\/div>\n\t\t<\/div>\n\t\t\t\t\t\t<\/div>\n\t\t\t\t<\/div>\n\t\t\t\t<\/div>\n\t\t<div class=\"elementor-element elementor-element-27c6dd2 e-con-full e-flex e-con e-child\" data-id=\"27c6dd2\" data-element_type=\"container\" data-e-type=\"container\" data-settings=\"{&quot;background_background&quot;:&quot;classic&quot;}\">\n\t\t<div class=\"elementor-element elementor-element-158def0 e-con-full e-flex e-con e-child\" data-id=\"158def0\" data-element_type=\"container\" data-e-type=\"container\" data-settings=\"{&quot;position&quot;:&quot;absolute&quot;}\">\n\t\t\t\t<div class=\"elementor-element elementor-element-1be82e5 elementor-widget elementor-widget-heading\" data-id=\"1be82e5\" data-element_type=\"widget\" data-e-type=\"widget\" data-widget_type=\"heading.default\">\n\t\t\t\t<div class=\"elementor-widget-container\">\n\t\t\t\t\t<h4 class=\"elementor-heading-title elementor-size-default\">WING: ABENTEUERFAHRT ENTLANG DER SLOWENISCHEN K\u00dcSTE<\/h4>\t\t\t\t<\/div>\n\t\t\t\t<\/div>\n\t\t\t\t<div class=\"elementor-element elementor-element-4b44de8 elementor-widget__width-auto plusButton elementor-widget elementor-widget-softlite_image\" data-id=\"4b44de8\" data-element_type=\"widget\" data-e-type=\"widget\" data-widget_type=\"softlite_image.default\">\n\t\t\t\t<div class=\"elementor-widget-container\">\n\t\t\t\t\t\t\t\t\t\t<div class=\"elementor-image\">\n\t\t\t\t\t\t\t\t\t\t\t\t\t<a href=\"#elementor-action%3Aaction%3Doff_canvas%3Atoggle%26settings%3DeyJpZCI6ImQ3M2ZkNDAiLCJkaXNwbGF5TW9kZSI6InRvZ2dsZSJ9\">\n\t\t\t\t\t\t\t\t\t\t\t\t<img decoding=\"async\" width=\"100\" height=\"100\" src=\"https:\/\/hotel-capris.com\/wp-content\/uploads\/2024\/07\/plusGold.svg\" class=\"attachment-full size-full wp-image-82\" alt=\"\" \/>\t\t\t\t\t\t\t\t\t\t\t\t<\/a>\n\t\t\t\t\t\t\t\t\t\t\t\t\t\t<\/div>\n\t\t\t\t\t\t\t\t<\/div>\n\t\t\t\t<\/div>\n\t\t\t\t<div class=\"elementor-element elementor-element-9b5d799 elementor-widget__width-auto mailButton elementor-widget elementor-widget-softlite_image\" data-id=\"9b5d799\" data-element_type=\"widget\" data-e-type=\"widget\" data-widget_type=\"softlite_image.default\">\n\t\t\t\t<div class=\"elementor-widget-container\">\n\t\t\t\t\t\t\t\t\t\t<div class=\"elementor-image\">\n\t\t\t\t\t\t\t\t\t\t\t\t\t<a href=\"#elementor-action%3Aaction%3Dpopup%3Aopen%26settings%3DeyJpZCI6IjEyODQiLCJ0b2dnbGUiOmZhbHNlfQ%3D%3D\">\n\t\t\t\t\t\t\t\t\t\t\t\t<img decoding=\"async\" width=\"100\" height=\"100\" src=\"https:\/\/hotel-capris.com\/wp-content\/uploads\/2024\/07\/mailGold.svg\" class=\"attachment-full size-full wp-image-72\" alt=\"\" \/>\t\t\t\t\t\t\t\t\t\t\t\t<\/a>\n\t\t\t\t\t\t\t\t\t\t\t\t\t\t<\/div>\n\t\t\t\t\t\t\t\t<\/div>\n\t\t\t\t<\/div>\n\t\t\t\t<\/div>\n\t\t\t\t<div class=\"elementor-element elementor-element-d73fd40 elementor-widget elementor-widget-off-canvas\" data-id=\"d73fd40\" data-element_type=\"widget\" data-e-type=\"widget\" data-settings=\"{&quot;entrance_animation&quot;:&quot;fadeIn&quot;,&quot;exit_animation&quot;:&quot;fadeIn&quot;,&quot;is_not_close_on_overlay&quot;:&quot;yes&quot;}\" data-widget_type=\"off-canvas.default\">\n\t\t\t\t<div class=\"elementor-widget-container\">\n\t\t\t\t\t\t\t<div id=\"off-canvas-d73fd40\" class=\"e-off-canvas\" role=\"dialog\" aria-hidden=\"true\" aria-label=\"Off-Canvas\" aria-modal=\"true\" inert=\"\" data-delay-child-handlers=\"true\">\n\t\t\t<div class=\"e-off-canvas__overlay\"><\/div>\n\t\t\t<div class=\"e-off-canvas__main\">\n\t\t\t\t<div class=\"e-off-canvas__content\">\n\t\t\t\t\t<div class=\"elementor-element elementor-element-7f7eec6 e-con-full off-canvas-container e-flex e-con e-child\" data-id=\"7f7eec6\" data-element_type=\"container\" data-e-type=\"container\">\n\t\t\t\t<div class=\"elementor-element elementor-element-c76158d elementor-widget elementor-widget-text-editor\" data-id=\"c76158d\" data-element_type=\"widget\" data-e-type=\"widget\" data-widget_type=\"text-editor.default\">\n\t\t\t\t<div class=\"elementor-widget-container\">\n\t\t\t\t\t\t\t\t\t<p class=\"translation-block\">DAUER: 4 Stunden<br>GRUPPENGR\u00d6SSE: 2 Personen<br>ORT: Slowenische K\u00fcste<br>PREIS: 200 \u20ac<br>TREFFORT: Hotel Capris<\/p><p>An windigen Tagen nimmt Sie unser Sportteam mit auf ein unvergessliches Abenteuer. Auf einem Fl\u00fcgel k\u00f6nnen Sie die slowenische K\u00fcste vom Meer aus sehen. Badestopps inklusive. Wir werden gr\u00fcne Energie nutzen, um uns \u00fcber das Meer zu bewegen. Ausr\u00fcstung im Preis inbegriffen.<\/p>\t\t\t\t\t\t\t\t<\/div>\n\t\t\t\t<\/div>\n\t\t\t\t<\/div>\n\t\t\t\t\t\t<\/div>\n\t\t\t<\/div>\n\t\t<\/div>\n\t\t\t\t\t\t<\/div>\n\t\t\t\t<\/div>\n\t\t\t\t<\/div>\n\t\t\t\t<\/div>\n\t\t\t\t<\/div>\n\t\t\t\t\t<\/div>\n\t\t\t\t<\/div>\n\t\t\t\t<\/div>","protected":false},"excerpt":{"rendered":"<p>C_EXPLORE, RELAX, ENJOY Koper 1500 Experience the magic of Koper on the 1500th anniversary of the arrival of St. Nazarius! Picturesque streets with rich history and architecture; the cathedral with the altarpiece Carpaccio, the sarcophagus of the first bishop of Koper and the largest organ in Slovenia. Experience the magic of Koper on the 1500th [&hellip;]<\/p>\n","protected":false},"author":1,"featured_media":0,"parent":0,"menu_order":0,"comment_status":"closed","ping_status":"closed","template":"","meta":{"inline_featured_image":false,"_monsterinsights_skip_tracking":false,"_monsterinsights_sitenote_active":false,"_monsterinsights_sitenote_note":"","_monsterinsights_sitenote_category":0,"footnotes":""},"class_list":["post-855","page","type-page","status-publish","hentry"],"aioseo_notices":[],"_links":{"self":[{"href":"https:\/\/hotel-capris.com\/de\/wp-json\/wp\/v2\/pages\/855","targetHints":{"allow":["GET"]}}],"collection":[{"href":"https:\/\/hotel-capris.com\/de\/wp-json\/wp\/v2\/pages"}],"about":[{"href":"https:\/\/hotel-capris.com\/de\/wp-json\/wp\/v2\/types\/page"}],"author":[{"embeddable":true,"href":"https:\/\/hotel-capris.com\/de\/wp-json\/wp\/v2\/users\/1"}],"replies":[{"embeddable":true,"href":"https:\/\/hotel-capris.com\/de\/wp-json\/wp\/v2\/comments?post=855"}],"version-history":[{"count":134,"href":"https:\/\/hotel-capris.com\/de\/wp-json\/wp\/v2\/pages\/855\/revisions"}],"predecessor-version":[{"id":4511,"href":"https:\/\/hotel-capris.com\/de\/wp-json\/wp\/v2\/pages\/855\/revisions\/4511"}],"wp:attachment":[{"href":"https:\/\/hotel-capris.com\/de\/wp-json\/wp\/v2\/media?parent=855"}],"curies":[{"name":"wp","href":"https:\/\/api.w.org\/{rel}","templated":true}]}}