{"id":2348,"date":"2024-08-07T09:02:43","date_gmt":"2024-08-07T09:02:43","guid":{"rendered":"https:\/\/hotel-capris.click.si\/?page_id=2348"},"modified":"2024-08-07T09:07:46","modified_gmt":"2024-08-07T09:07:46","slug":"co-financing","status":"publish","type":"page","link":"https:\/\/hotel-capris.com\/de\/co-financing\/","title":{"rendered":"Co-financing"},"content":{"rendered":"<div data-elementor-type=\"wp-page\" data-elementor-id=\"2348\" class=\"elementor elementor-2348\" data-elementor-post-type=\"page\">\n\t\t\t\t<div class=\"elementor-element elementor-element-029d8cb e-flex e-con-boxed e-con e-parent\" data-id=\"029d8cb\" data-element_type=\"container\" data-e-type=\"container\">\n\t\t\t\t\t<div class=\"e-con-inner\">\n\t\t\t\t<div class=\"elementor-element elementor-element-4459ca0 elementor-widget elementor-widget-spacer\" data-id=\"4459ca0\" data-element_type=\"widget\" data-e-type=\"widget\" data-widget_type=\"spacer.default\">\n\t\t\t\t<div class=\"elementor-widget-container\">\n\t\t\t\t\t\t\t<div class=\"elementor-spacer\">\n\t\t\t<div class=\"elementor-spacer-inner\"><\/div>\n\t\t<\/div>\n\t\t\t\t\t\t<\/div>\n\t\t\t\t<\/div>\n\t\t\t\t<div class=\"elementor-element elementor-element-dd67f19 elementor-widget elementor-widget-image\" data-id=\"dd67f19\" data-element_type=\"widget\" data-e-type=\"widget\" data-widget_type=\"image.default\">\n\t\t\t\t<div class=\"elementor-widget-container\">\n\t\t\t\t\t\t\t\t\t\t\t\t\t\t\t<img fetchpriority=\"high\" decoding=\"async\" width=\"606\" height=\"140\" src=\"https:\/\/hotel-capris.com\/wp-content\/uploads\/2024\/08\/Logo-MGTS-ang.png\" class=\"attachment-large size-large wp-image-2338\" alt=\"\" srcset=\"https:\/\/hotel-capris.com\/wp-content\/uploads\/2024\/08\/Logo-MGTS-ang.png 606w, https:\/\/hotel-capris.com\/wp-content\/uploads\/2024\/08\/Logo-MGTS-ang-300x69.png 300w, https:\/\/hotel-capris.com\/wp-content\/uploads\/2024\/08\/Logo-MGTS-ang-18x4.png 18w\" sizes=\"(max-width: 606px) 100vw, 606px\" \/>\t\t\t\t\t\t\t\t\t\t\t\t\t\t\t<\/div>\n\t\t\t\t<\/div>\n\t\t\t\t<div class=\"elementor-element elementor-element-9fbe14a elementor-widget elementor-widget-text-editor\" data-id=\"9fbe14a\" data-element_type=\"widget\" data-e-type=\"widget\" data-widget_type=\"text-editor.default\">\n\t\t\t\t<div class=\"elementor-widget-container\">\n\t\t\t\t\t\t\t\t\t<h4>THE OPERATION IS PARTIALLY FINANCED BY THE EUROPEAN UNION AND OTHERWISE FROM THE EUROPEAN FUND FOR REGIONAL DEVELOPMENT.<\/h4><p>The operation is carried out within the framework of the &#8220;Operational program for the implementation of the European Cohesion Policy in the period 2014-2020&#8221;, priority axis 15 &#8220;Promoting the elimination of the consequences of the crisis in the framework of REACT-EU-ERDF&#8221;, Priority investment 15.1 &#8220;Promoting the elimination of the consequences of the crisis in the context of the COVID- 19 and preparing a green, digital and resilient economic recovery&#8221;.<\/p>\t\t\t\t\t\t\t\t<\/div>\n\t\t\t\t<\/div>\n\t\t\t\t<div class=\"elementor-element elementor-element-5f30c5b elementor-widget elementor-widget-spacer\" data-id=\"5f30c5b\" data-element_type=\"widget\" data-e-type=\"widget\" data-widget_type=\"spacer.default\">\n\t\t\t\t<div class=\"elementor-widget-container\">\n\t\t\t\t\t\t\t<div class=\"elementor-spacer\">\n\t\t\t<div class=\"elementor-spacer-inner\"><\/div>\n\t\t<\/div>\n\t\t\t\t\t\t<\/div>\n\t\t\t\t<\/div>\n\t\t\t\t<div class=\"elementor-element elementor-element-82a37a6 elementor-widget elementor-widget-image\" data-id=\"82a37a6\" data-element_type=\"widget\" data-e-type=\"widget\" data-widget_type=\"image.default\">\n\t\t\t\t<div class=\"elementor-widget-container\">\n\t\t\t\t\t\t\t\t\t\t\t\t\t\t\t<img decoding=\"async\" width=\"253\" height=\"104\" src=\"https:\/\/hotel-capris.com\/wp-content\/uploads\/2024\/07\/Logo_EKP_sklad_za_regionalni_razvoj_ENG_slogan-1-e1721979410541.png\" class=\"attachment-large size-large wp-image-283\" alt=\"\" srcset=\"https:\/\/hotel-capris.com\/wp-content\/uploads\/2024\/07\/Logo_EKP_sklad_za_regionalni_razvoj_ENG_slogan-1-e1721979410541.png 253w, https:\/\/hotel-capris.com\/wp-content\/uploads\/2024\/07\/Logo_EKP_sklad_za_regionalni_razvoj_ENG_slogan-1-e1721979410541-18x7.png 18w\" sizes=\"(max-width: 253px) 100vw, 253px\" \/>\t\t\t\t\t\t\t\t\t\t\t\t\t\t\t<\/div>\n\t\t\t\t<\/div>\n\t\t\t\t<div class=\"elementor-element elementor-element-1e55588 elementor-widget elementor-widget-text-editor\" data-id=\"1e55588\" data-element_type=\"widget\" data-e-type=\"widget\" data-widget_type=\"text-editor.default\">\n\t\t\t\t<div class=\"elementor-widget-container\">\n\t\t\t\t\t\t\t\t\t<h4>THE INVESTMENT IS CO-FINANCED BY THE EUROPEAN UNION WITHIN THE FRAMEWORK OF THE UNION&#8217;S RESPONSE TO THE COVID-19 PANDEMIC AND THE REPUBLIC OF SLOVENIA<\/h4><p>TITLE OF THE OPERATION: Construction of the GARNI CAPODISTRIA 4* hotel<\/p><p>MAIN OBJECTIVE \/ PURPOSE OF THE OPERATION: Construction of the Garni Capodistria 4* hotel in Koper, thereby increasing the quality of service, added value and inflows from the export of travel, extending the length of stay of tourists and deseasonalization of Slovenian tourism.<\/p><p>BUILDING DATA<\/p><p>INVESTOR: Vodi\u0161ek d.o.o., Kolodvorska cesta 3 B, 6000 Koper<\/p><p>SIGN ID: Plot 1570\/116<\/p><p class=\"translation-block\">SUPERVISOR: Architecta d.o.o., Cesta Zore Perello-Godina 2, 6000 Koper,<br>Neboj\u0161a Vranje\u0161i\u010d Univ. B.Sc. and with. arch. ZAPS PA-PPN 0963<\/p><p>DESIGNER: Architecta d.o.o., Cesta Zore Perello-Godina 2, 6000 Koper<\/p>\t\t\t\t\t\t\t\t<\/div>\n\t\t\t\t<\/div>\n\t\t\t\t\t<\/div>\n\t\t\t\t<\/div>\n\t\t\t\t<\/div>","protected":false},"excerpt":{"rendered":"<p>THE OPERATION IS PARTIALLY FINANCED BY THE EUROPEAN UNION AND OTHERWISE FROM THE EUROPEAN FUND FOR REGIONAL DEVELOPMENT. The operation is carried out within the framework of the &#8220;Operational program for the implementation of the European Cohesion Policy in the period 2014-2020&#8221;, priority axis 15 &#8220;Promoting the elimination of the consequences of the crisis in [&hellip;]<\/p>\n","protected":false},"author":1,"featured_media":0,"parent":0,"menu_order":0,"comment_status":"closed","ping_status":"closed","template":"","meta":{"inline_featured_image":false,"_monsterinsights_skip_tracking":false,"_monsterinsights_sitenote_active":false,"_monsterinsights_sitenote_note":"","_monsterinsights_sitenote_category":0,"footnotes":""},"class_list":["post-2348","page","type-page","status-publish","hentry"],"aioseo_notices":[],"_links":{"self":[{"href":"https:\/\/hotel-capris.com\/de\/wp-json\/wp\/v2\/pages\/2348","targetHints":{"allow":["GET"]}}],"collection":[{"href":"https:\/\/hotel-capris.com\/de\/wp-json\/wp\/v2\/pages"}],"about":[{"href":"https:\/\/hotel-capris.com\/de\/wp-json\/wp\/v2\/types\/page"}],"author":[{"embeddable":true,"href":"https:\/\/hotel-capris.com\/de\/wp-json\/wp\/v2\/users\/1"}],"replies":[{"embeddable":true,"href":"https:\/\/hotel-capris.com\/de\/wp-json\/wp\/v2\/comments?post=2348"}],"version-history":[{"count":4,"href":"https:\/\/hotel-capris.com\/de\/wp-json\/wp\/v2\/pages\/2348\/revisions"}],"predecessor-version":[{"id":2352,"href":"https:\/\/hotel-capris.com\/de\/wp-json\/wp\/v2\/pages\/2348\/revisions\/2352"}],"wp:attachment":[{"href":"https:\/\/hotel-capris.com\/de\/wp-json\/wp\/v2\/media?parent=2348"}],"curies":[{"name":"wp","href":"https:\/\/api.w.org\/{rel}","templated":true}]}}